{"id":327,"date":"2019-11-14T10:11:17","date_gmt":"2019-11-14T10:11:17","guid":{"rendered":"https:\/\/www.shungit.es\/blog\/?page_id=327"},"modified":"2020-05-27T18:21:34","modified_gmt":"2020-05-27T18:21:34","slug":"shungit-para-el-agua","status":"publish","type":"page","link":"https:\/\/www.shungit.es\/blog\/shungit-para-el-agua\/","title":{"rendered":"SHUNGIT PARA EL AGUA"},"content":{"rendered":"\t\t<div data-elementor-type=\"wp-page\" data-elementor-id=\"327\" class=\"elementor elementor-327\" data-elementor-post-type=\"page\">\n\t\t\t\t\t\t<section class=\"elementor-section elementor-top-section elementor-element elementor-element-33e69c8 elementor-section-boxed elementor-section-height-default elementor-section-height-default\" data-id=\"33e69c8\" data-element_type=\"section\" data-e-type=\"section\">\n\t\t\t\t\t\t<div class=\"elementor-container elementor-column-gap-default\">\n\t\t\t\t\t<div class=\"elementor-column elementor-col-100 elementor-top-column elementor-element elementor-element-0fcd233\" data-id=\"0fcd233\" data-element_type=\"column\" data-e-type=\"column\">\n\t\t\t<div class=\"elementor-widget-wrap elementor-element-populated\">\n\t\t\t\t\t\t<div class=\"elementor-element elementor-element-07d1c27 elementor-widget elementor-widget-text-editor\" data-id=\"07d1c27\" data-element_type=\"widget\" data-e-type=\"widget\" data-widget_type=\"text-editor.default\">\n\t\t\t\t<div class=\"elementor-widget-container\">\n\t\t\t\t\t\t\t\t\t<figure id=\"attachment_497\" aria-describedby=\"caption-attachment-497\" style=\"width: 400px\" class=\"wp-caption alignnone\"><img fetchpriority=\"high\" decoding=\"async\" class=\"wp-image-497\" src=\"https:\/\/www.shungit.es\/blog\/wp-content\/uploads\/2020\/05\/utensilios-con-cartel-.jpg\" alt=\"UTENSILIOS LIMPIAR AGUA SHUNGIT\" width=\"400\" height=\"300\" srcset=\"https:\/\/www.shungit.es\/blog\/wp-content\/uploads\/2020\/05\/utensilios-con-cartel-.jpg 1024w, https:\/\/www.shungit.es\/blog\/wp-content\/uploads\/2020\/05\/utensilios-con-cartel--768x576.jpg 768w\" sizes=\"(max-width: 400px) 100vw, 400px\" \/><figcaption id=\"caption-attachment-497\" class=\"wp-caption-text\">UTENSILIOS PARA LIMPIAR AGUA CON SHUNGIT<\/figcaption><\/figure><p><b><img decoding=\"async\" class=\"alignnone size-full wp-image-444 aligncenter\" src=\"https:\/\/www.shungit.es\/blog\/wp-content\/uploads\/2019\/12\/201797_200.jpg\" alt=\"shungit para agua\" width=\"200\" height=\"268\" \/>Shungit tiene la capacidad de purificar el agua<\/b> de pra\u0301cticamente todas las sustancias orga\u0301nicas (incluidos los productos del petro\u0301leo y los pesticidas), de bacterias, nitratos microorganismos.<\/p><p>Los fullerenos en la solucio\u0301n de agua adquieren las propiedades de los catalizadores, ayudan a oxidar los compuestos qui\u0301micos activos.<\/p><p>La produccio\u0301n industrial de filtros basados en shungit comenzo\u0301 en la de\u0301cada de 1990, durante este tiempo, no se realizo\u0301 un estudio sobre el efecto del agua purificada en el cuerpo humano. Estrictamente hablando, al principio se verifico\u0301 el efecto en los animales y se llego\u0301 a la conclusio\u0301n de que el agua de shungit es absolutamente no to\u0301xica, y de una calidad de un nivel de cualquier manantial o\u0301 botellas minerales.<\/p><p>Ma\u0301s tarde, la Academia Me\u0301dica Militar investigo\u0301 durante varios an\u0303os el efecto de esta agua en personas enfermas y la remitio\u0301 a aguas que tienen efectos terape\u0301uticos y preventivos. Se ha demostrado que esta agua se puede beber sin hervir, especialmente cuando la ebullicio\u0301n en agua ordinaria solo aumenta el contenido de compuestos organoclorados nocivos.<\/p><p>Investigando el agua que pasaba a trave\u0301s de las rocas de shungit, los cienti\u0301ficos han demostrado la presencia de sus propiedades bactericidas.<\/p><p>El experimento consistio\u0301 en colocar polvo de shungita o grandes pedazos de roca en el agua. Al microbios agua desafiado mismo tiempo Streptococcus grupo A (que es el agente causante de la angina de pecho, escarlatina, fiebre reuma\u0301tica) y estreptococos del grupo A (enterococos), es una de las bacterias, que caracteriza la idoneidad de agua para beber.<\/p><p><b>\u201cEl experimento demostro\u0301 que el agua, infundida en la shungit durante tres di\u0301as, tiene propiedades bactericidas pronunciadas contra estos microorganismos.\u201d<\/b><\/p><p>Ya media hora despue\u0301s de la inmersio\u0301n en el agua de las rocas de shungit, la concentracio\u0301n del grupo D del estreptococo disminuyo\u0301 10-100 veces, y el grupo A 900 veces, en comparacio\u0301n con los i\u0301ndices iniciales.<\/p><p>Shungit despeja agua de diversos contaminantes (compuestos org\u00e1nicos clorados, nitratos y nitritos, exceso de cobre, manganeso, hierro), completamente por los huevos de helmintos, lo limpia de turbidez, sabores, olores. Se satura el agua con sales de calcio y magnesio, asi\u0301 como elementos traza a la concentracio\u0301n o\u0301ptima para el cuerpo humano, desinfecta el agua sin el uso de la coloracio\u0301n o la radiacio\u0301n ultravioleta. Adema\u0301s, esta raza le da al agua unas propiedades curativas u\u0301nicas. Los cienti\u0301ficos han demostrado el hecho de la liberacio\u0301n de carbono de la shungita en el agua con fullerenos solubles en dosis homeopa\u0301ticas. La shungit es un aut\u00e9ntico \u201celixir de la vida\u201d.<\/p><p><img decoding=\"async\" class=\"wp-image-339 aligncenter\" src=\"https:\/\/www.shungit.es\/blog\/wp-content\/uploads\/2019\/11\/Captura-de-pantalla-2019-11-14-a-las-16.12.33-300x83.png\" alt=\"piedra shungit para el agua\" width=\"538\" height=\"149\" \/><\/p><p style=\"text-align: center;\">Lago Omega. Carelia<\/p><p style=\"text-align: center;\">\u00a0<\/p><h1>Explicacio\u0301n de como limpiar el agua con Shungit<\/h1><p><b>La shungit se utiliza para depurar el agua <\/b>gracias a <b>las parti\u0301culas de fullereno que se desprenden cuanto toman contacto con el agua o an\u0303adiendo las piedras shungit<\/b>. Posteriormente se confirmo\u0301 la actividad anti-bacteriana de la roca, de forma casera puede depurarse el agua con la siguiente proporcio\u0301n:<b> 250 gr de shungita para 2, 5 litros de agua y dejando reposar durante 3 di\u0301as o\u0301 72 horas.\u00a0 <br \/><\/b><\/p><p><b>Poner el agua preferida: mineral embotellada, del grifo o de una fuente buena.<\/b><\/p><h4>Maneras de limpiar agua con shungit:<\/h4><p>1\u00ba Hervir 250g de shungit con agua en un cazo durante 10 minutos, despue\u0301s retirar las piedras y ponerlas debajo del grifo y aclarar bien con las manos las piedras shungit.<\/p><p>2\u00ba Poner en una recipiente grande de cristal de 2, 5l los 250gr de shungit durante 72h o\u0301 3 di\u0301as, esta primera vez que lo hacemos no sera para beber, esa agua sera buena y beneficiosa para las plantas, limpieza cara, cuerpo, pelo, para animales.<\/p><p>3\u00ba Esta vez que repitamos el paso anterior, pongamos de nuevo el agua en jarra o\u0301 tarro grande cristal, y a los tres di\u0301as esta agua ya esta limpia para beber. Asi\u0301 cada tres di\u0301as tendremos siempre agua shungit lista para beber.<\/p><h2>Observaciones del uso de la Shungit para la limpieza de agua:<\/h2><p>Se puede poner nevera o\u0301 fuera nevera, preferentemente en botellas de cristal. Los pasos 1 y 2 solo es necesario hacerlo la primera vez, para quitar polvillo de la shungit, que no es malo, pero tendr\u00edamos un exceso mineralizacio\u0301n.<\/p><p>La Shungit cristalizada o Shungit \u00c9lite tiene por su pureza un nivel superior. Si deseas puedes purificar el agua con tu Shungit \u00c9lite, lo puedes hacer respetando la proporcio\u0301n de 10 gramos de para 3 litros de agua. El procedimiento seri\u0301a el mismo, so\u0301lo que en vez de esperar 72 horas, lo puedes tener listo en 12 horas.<\/p><h4 style=\"text-align: center;\"><strong>Yo recomiendo dos bidones de agua 2,5 l en casa, para tener continuamente agua de shungit.<\/strong><\/h4>\t\t\t\t\t\t\t\t<\/div>\n\t\t\t\t<\/div>\n\t\t\t\t\t<\/div>\n\t\t<\/div>\n\t\t\t\t\t<\/div>\n\t\t<\/section>\n\t\t\t\t<\/div>\n\t\t","protected":false},"excerpt":{"rendered":"<p>Shungit tiene la capacidad de purificar el agua de pra\u0301cticamente todas las sustancias orga\u0301nicas (incluidos los productos del petro\u0301leo y los pesticidas), de bacterias, nitratos microorganismos. Los fullerenos en la solucio\u0301n de agua adquieren las propiedades de los catalizadores, ayudan a oxidar los compuestos qui\u0301micos activos. La produccio\u0301n industrial de filtros basados en shungit comenzo\u0301 [&hellip;]<\/p>\n","protected":false},"author":2,"featured_media":390,"parent":0,"menu_order":0,"comment_status":"closed","ping_status":"closed","template":"","meta":{"site-sidebar-layout":"default","site-content-layout":"","ast-site-content-layout":"default","site-content-style":"default","site-sidebar-style":"default","ast-global-header-display":"","ast-banner-title-visibility":"","ast-main-header-display":"","ast-hfb-above-header-display":"","ast-hfb-below-header-display":"","ast-hfb-mobile-header-display":"","site-post-title":"","ast-breadcrumbs-content":"","ast-featured-img":"","footer-sml-layout":"","ast-disable-related-posts":"","theme-transparent-header-meta":"","adv-header-id-meta":"","stick-header-meta":"","header-above-stick-meta":"","header-main-stick-meta":"","header-below-stick-meta":"","astra-migrate-meta-layouts":"default","ast-page-background-enabled":"default","ast-page-background-meta":{"desktop":{"background-color":"","background-image":"","background-repeat":"repeat","background-position":"center center","background-size":"auto","background-attachment":"scroll","background-type":"","background-media":"","overlay-type":"","overlay-color":"","overlay-opacity":"","overlay-gradient":""},"tablet":{"background-color":"","background-image":"","background-repeat":"repeat","background-position":"center center","background-size":"auto","background-attachment":"scroll","background-type":"","background-media":"","overlay-type":"","overlay-color":"","overlay-opacity":"","overlay-gradient":""},"mobile":{"background-color":"","background-image":"","background-repeat":"repeat","background-position":"center center","background-size":"auto","background-attachment":"scroll","background-type":"","background-media":"","overlay-type":"","overlay-color":"","overlay-opacity":"","overlay-gradient":""}},"ast-content-background-meta":{"desktop":{"background-color":"var(--ast-global-color-5)","background-image":"","background-repeat":"repeat","background-position":"center center","background-size":"auto","background-attachment":"scroll","background-type":"","background-media":"","overlay-type":"","overlay-color":"","overlay-opacity":"","overlay-gradient":""},"tablet":{"background-color":"var(--ast-global-color-5)","background-image":"","background-repeat":"repeat","background-position":"center center","background-size":"auto","background-attachment":"scroll","background-type":"","background-media":"","overlay-type":"","overlay-color":"","overlay-opacity":"","overlay-gradient":""},"mobile":{"background-color":"var(--ast-global-color-5)","background-image":"","background-repeat":"repeat","background-position":"center center","background-size":"auto","background-attachment":"scroll","background-type":"","background-media":"","overlay-type":"","overlay-color":"","overlay-opacity":"","overlay-gradient":""}},"footnotes":""},"class_list":["post-327","page","type-page","status-publish","has-post-thumbnail","hentry"],"yoast_head":"<!-- This site is optimized with the Yoast SEO plugin v27.6 - https:\/\/yoast.com\/product\/yoast-seo-wordpress\/ -->\n<title>\u25b7 SHUNGIT Para El Agua | Comprar Art\u00edculos SHUNGIT<\/title>\n<meta name=\"description\" content=\"Aprende ahora como emplear la piedra SHUNGIT para el tratamiento del agua de consumo. \u00c9sto y mucho m\u00e1s en Shungit.es. \u2705 Entra ahora.\" \/>\n<meta name=\"robots\" content=\"index, follow, max-snippet:-1, max-image-preview:large, max-video-preview:-1\" \/>\n<link rel=\"canonical\" href=\"https:\/\/www.shungit.es\/blog\/shungit-para-el-agua\/\" \/>\n<meta property=\"og:locale\" content=\"es_ES\" \/>\n<meta property=\"og:type\" content=\"article\" \/>\n<meta property=\"og:title\" content=\"\u25b7 SHUNGIT Para El Agua | Comprar Art\u00edculos SHUNGIT\" \/>\n<meta property=\"og:description\" content=\"Aprende ahora como emplear la piedra SHUNGIT para el tratamiento del agua de consumo. \u00c9sto y mucho m\u00e1s en Shungit.es. \u2705 Entra ahora.\" \/>\n<meta property=\"og:url\" content=\"https:\/\/www.shungit.es\/blog\/shungit-para-el-agua\/\" \/>\n<meta property=\"og:site_name\" content=\"Shungit Blog\" \/>\n<meta property=\"article:modified_time\" content=\"2020-05-27T18:21:34+00:00\" \/>\n<meta property=\"og:image\" content=\"https:\/\/www.shungit.es\/blog\/wp-content\/uploads\/2019\/11\/SHUNGIT-PARA-EL-AGUA-640x425.jpg\" \/>\n\t<meta property=\"og:image:width\" content=\"640\" \/>\n\t<meta property=\"og:image:height\" content=\"425\" \/>\n\t<meta property=\"og:image:type\" content=\"image\/jpeg\" \/>\n<meta name=\"twitter:card\" content=\"summary_large_image\" \/>\n<meta name=\"twitter:label1\" content=\"Tiempo de lectura\" \/>\n\t<meta name=\"twitter:data1\" content=\"4 minutos\" \/>\n<script type=\"application\/ld+json\" class=\"yoast-schema-graph\">{\"@context\":\"https:\\\/\\\/schema.org\",\"@graph\":[{\"@type\":\"WebPage\",\"@id\":\"https:\\\/\\\/www.shungit.es\\\/blog\\\/shungit-para-el-agua\\\/\",\"url\":\"https:\\\/\\\/www.shungit.es\\\/blog\\\/shungit-para-el-agua\\\/\",\"name\":\"\u25b7 SHUNGIT Para El Agua | Comprar Art\u00edculos SHUNGIT\",\"isPartOf\":{\"@id\":\"https:\\\/\\\/www.shungit.es\\\/blog\\\/#website\"},\"primaryImageOfPage\":{\"@id\":\"https:\\\/\\\/www.shungit.es\\\/blog\\\/shungit-para-el-agua\\\/#primaryimage\"},\"image\":{\"@id\":\"https:\\\/\\\/www.shungit.es\\\/blog\\\/shungit-para-el-agua\\\/#primaryimage\"},\"thumbnailUrl\":\"https:\\\/\\\/www.shungit.es\\\/blog\\\/wp-content\\\/uploads\\\/2019\\\/11\\\/SHUNGIT-PARA-EL-AGUA-640x425.jpg\",\"datePublished\":\"2019-11-14T10:11:17+00:00\",\"dateModified\":\"2020-05-27T18:21:34+00:00\",\"description\":\"Aprende ahora como emplear la piedra SHUNGIT para el tratamiento del agua de consumo. \u00c9sto y mucho m\u00e1s en Shungit.es. \u2705 Entra ahora.\",\"breadcrumb\":{\"@id\":\"https:\\\/\\\/www.shungit.es\\\/blog\\\/shungit-para-el-agua\\\/#breadcrumb\"},\"inLanguage\":\"es\",\"potentialAction\":[{\"@type\":\"ReadAction\",\"target\":[\"https:\\\/\\\/www.shungit.es\\\/blog\\\/shungit-para-el-agua\\\/\"]}]},{\"@type\":\"ImageObject\",\"inLanguage\":\"es\",\"@id\":\"https:\\\/\\\/www.shungit.es\\\/blog\\\/shungit-para-el-agua\\\/#primaryimage\",\"url\":\"https:\\\/\\\/www.shungit.es\\\/blog\\\/wp-content\\\/uploads\\\/2019\\\/11\\\/SHUNGIT-PARA-EL-AGUA-640x425.jpg\",\"contentUrl\":\"https:\\\/\\\/www.shungit.es\\\/blog\\\/wp-content\\\/uploads\\\/2019\\\/11\\\/SHUNGIT-PARA-EL-AGUA-640x425.jpg\",\"width\":640,\"height\":425,\"caption\":\"Lago omega\"},{\"@type\":\"BreadcrumbList\",\"@id\":\"https:\\\/\\\/www.shungit.es\\\/blog\\\/shungit-para-el-agua\\\/#breadcrumb\",\"itemListElement\":[{\"@type\":\"ListItem\",\"position\":1,\"name\":\"Portada\",\"item\":\"https:\\\/\\\/www.shungit.es\\\/blog\\\/\"},{\"@type\":\"ListItem\",\"position\":2,\"name\":\"SHUNGIT PARA EL AGUA\"}]},{\"@type\":\"WebSite\",\"@id\":\"https:\\\/\\\/www.shungit.es\\\/blog\\\/#website\",\"url\":\"https:\\\/\\\/www.shungit.es\\\/blog\\\/\",\"name\":\"Shungit Blog\",\"description\":\"Shungit la piedra inteligente, una piedra cu\u00e1ntica.\",\"publisher\":{\"@id\":\"https:\\\/\\\/www.shungit.es\\\/blog\\\/#organization\"},\"potentialAction\":[{\"@type\":\"SearchAction\",\"target\":{\"@type\":\"EntryPoint\",\"urlTemplate\":\"https:\\\/\\\/www.shungit.es\\\/blog\\\/?s={search_term_string}\"},\"query-input\":{\"@type\":\"PropertyValueSpecification\",\"valueRequired\":true,\"valueName\":\"search_term_string\"}}],\"inLanguage\":\"es\"},{\"@type\":\"Organization\",\"@id\":\"https:\\\/\\\/www.shungit.es\\\/blog\\\/#organization\",\"name\":\"Shungit Blog\",\"url\":\"https:\\\/\\\/www.shungit.es\\\/blog\\\/\",\"logo\":{\"@type\":\"ImageObject\",\"inLanguage\":\"es\",\"@id\":\"https:\\\/\\\/www.shungit.es\\\/blog\\\/#\\\/schema\\\/logo\\\/image\\\/\",\"url\":\"https:\\\/\\\/www.shungit.es\\\/blog\\\/wp-content\\\/uploads\\\/2018\\\/05\\\/cropped-shungit-logo-1527149637.png\",\"contentUrl\":\"https:\\\/\\\/www.shungit.es\\\/blog\\\/wp-content\\\/uploads\\\/2018\\\/05\\\/cropped-shungit-logo-1527149637.png\",\"width\":350,\"height\":171,\"caption\":\"Shungit Blog\"},\"image\":{\"@id\":\"https:\\\/\\\/www.shungit.es\\\/blog\\\/#\\\/schema\\\/logo\\\/image\\\/\"}}]}<\/script>\n<!-- \/ Yoast SEO plugin. -->","yoast_head_json":{"title":"\u25b7 SHUNGIT Para El Agua | Comprar Art\u00edculos SHUNGIT","description":"Aprende ahora como emplear la piedra SHUNGIT para el tratamiento del agua de consumo. \u00c9sto y mucho m\u00e1s en Shungit.es. \u2705 Entra ahora.","robots":{"index":"index","follow":"follow","max-snippet":"max-snippet:-1","max-image-preview":"max-image-preview:large","max-video-preview":"max-video-preview:-1"},"canonical":"https:\/\/www.shungit.es\/blog\/shungit-para-el-agua\/","og_locale":"es_ES","og_type":"article","og_title":"\u25b7 SHUNGIT Para El Agua | Comprar Art\u00edculos SHUNGIT","og_description":"Aprende ahora como emplear la piedra SHUNGIT para el tratamiento del agua de consumo. \u00c9sto y mucho m\u00e1s en Shungit.es. \u2705 Entra ahora.","og_url":"https:\/\/www.shungit.es\/blog\/shungit-para-el-agua\/","og_site_name":"Shungit Blog","article_modified_time":"2020-05-27T18:21:34+00:00","og_image":[{"width":640,"height":425,"url":"https:\/\/www.shungit.es\/blog\/wp-content\/uploads\/2019\/11\/SHUNGIT-PARA-EL-AGUA-640x425.jpg","type":"image\/jpeg"}],"twitter_card":"summary_large_image","twitter_misc":{"Tiempo de lectura":"4 minutos"},"schema":{"@context":"https:\/\/schema.org","@graph":[{"@type":"WebPage","@id":"https:\/\/www.shungit.es\/blog\/shungit-para-el-agua\/","url":"https:\/\/www.shungit.es\/blog\/shungit-para-el-agua\/","name":"\u25b7 SHUNGIT Para El Agua | Comprar Art\u00edculos SHUNGIT","isPartOf":{"@id":"https:\/\/www.shungit.es\/blog\/#website"},"primaryImageOfPage":{"@id":"https:\/\/www.shungit.es\/blog\/shungit-para-el-agua\/#primaryimage"},"image":{"@id":"https:\/\/www.shungit.es\/blog\/shungit-para-el-agua\/#primaryimage"},"thumbnailUrl":"https:\/\/www.shungit.es\/blog\/wp-content\/uploads\/2019\/11\/SHUNGIT-PARA-EL-AGUA-640x425.jpg","datePublished":"2019-11-14T10:11:17+00:00","dateModified":"2020-05-27T18:21:34+00:00","description":"Aprende ahora como emplear la piedra SHUNGIT para el tratamiento del agua de consumo. \u00c9sto y mucho m\u00e1s en Shungit.es. \u2705 Entra ahora.","breadcrumb":{"@id":"https:\/\/www.shungit.es\/blog\/shungit-para-el-agua\/#breadcrumb"},"inLanguage":"es","potentialAction":[{"@type":"ReadAction","target":["https:\/\/www.shungit.es\/blog\/shungit-para-el-agua\/"]}]},{"@type":"ImageObject","inLanguage":"es","@id":"https:\/\/www.shungit.es\/blog\/shungit-para-el-agua\/#primaryimage","url":"https:\/\/www.shungit.es\/blog\/wp-content\/uploads\/2019\/11\/SHUNGIT-PARA-EL-AGUA-640x425.jpg","contentUrl":"https:\/\/www.shungit.es\/blog\/wp-content\/uploads\/2019\/11\/SHUNGIT-PARA-EL-AGUA-640x425.jpg","width":640,"height":425,"caption":"Lago omega"},{"@type":"BreadcrumbList","@id":"https:\/\/www.shungit.es\/blog\/shungit-para-el-agua\/#breadcrumb","itemListElement":[{"@type":"ListItem","position":1,"name":"Portada","item":"https:\/\/www.shungit.es\/blog\/"},{"@type":"ListItem","position":2,"name":"SHUNGIT PARA EL AGUA"}]},{"@type":"WebSite","@id":"https:\/\/www.shungit.es\/blog\/#website","url":"https:\/\/www.shungit.es\/blog\/","name":"Shungit Blog","description":"Shungit la piedra inteligente, una piedra cu\u00e1ntica.","publisher":{"@id":"https:\/\/www.shungit.es\/blog\/#organization"},"potentialAction":[{"@type":"SearchAction","target":{"@type":"EntryPoint","urlTemplate":"https:\/\/www.shungit.es\/blog\/?s={search_term_string}"},"query-input":{"@type":"PropertyValueSpecification","valueRequired":true,"valueName":"search_term_string"}}],"inLanguage":"es"},{"@type":"Organization","@id":"https:\/\/www.shungit.es\/blog\/#organization","name":"Shungit Blog","url":"https:\/\/www.shungit.es\/blog\/","logo":{"@type":"ImageObject","inLanguage":"es","@id":"https:\/\/www.shungit.es\/blog\/#\/schema\/logo\/image\/","url":"https:\/\/www.shungit.es\/blog\/wp-content\/uploads\/2018\/05\/cropped-shungit-logo-1527149637.png","contentUrl":"https:\/\/www.shungit.es\/blog\/wp-content\/uploads\/2018\/05\/cropped-shungit-logo-1527149637.png","width":350,"height":171,"caption":"Shungit Blog"},"image":{"@id":"https:\/\/www.shungit.es\/blog\/#\/schema\/logo\/image\/"}}]}},"_links":{"self":[{"href":"https:\/\/www.shungit.es\/blog\/wp-json\/wp\/v2\/pages\/327","targetHints":{"allow":["GET"]}}],"collection":[{"href":"https:\/\/www.shungit.es\/blog\/wp-json\/wp\/v2\/pages"}],"about":[{"href":"https:\/\/www.shungit.es\/blog\/wp-json\/wp\/v2\/types\/page"}],"author":[{"embeddable":true,"href":"https:\/\/www.shungit.es\/blog\/wp-json\/wp\/v2\/users\/2"}],"replies":[{"embeddable":true,"href":"https:\/\/www.shungit.es\/blog\/wp-json\/wp\/v2\/comments?post=327"}],"version-history":[{"count":3,"href":"https:\/\/www.shungit.es\/blog\/wp-json\/wp\/v2\/pages\/327\/revisions"}],"predecessor-version":[{"id":498,"href":"https:\/\/www.shungit.es\/blog\/wp-json\/wp\/v2\/pages\/327\/revisions\/498"}],"wp:featuredmedia":[{"embeddable":true,"href":"https:\/\/www.shungit.es\/blog\/wp-json\/wp\/v2\/media\/390"}],"wp:attachment":[{"href":"https:\/\/www.shungit.es\/blog\/wp-json\/wp\/v2\/media?parent=327"}],"curies":[{"name":"wp","href":"https:\/\/api.w.org\/{rel}","templated":true}]}}