{"id":323,"date":"2019-11-14T08:22:12","date_gmt":"2019-11-14T08:22:12","guid":{"rendered":"https:\/\/www.shungit.es\/blog\/?page_id=323"},"modified":"2020-01-25T10:06:59","modified_gmt":"2020-01-25T10:06:59","slug":"historia-de-la-shungit","status":"publish","type":"page","link":"https:\/\/www.shungit.es\/blog\/historia-de-la-shungit\/","title":{"rendered":"HISTORIA DE LA SHUNGIT"},"content":{"rendered":"\t\t<div data-elementor-type=\"wp-page\" data-elementor-id=\"323\" class=\"elementor elementor-323\" data-elementor-post-type=\"page\">\n\t\t\t\t\t\t<section class=\"elementor-section elementor-top-section elementor-element elementor-element-cf1c9f8 elementor-section-boxed elementor-section-height-default elementor-section-height-default\" data-id=\"cf1c9f8\" data-element_type=\"section\" data-e-type=\"section\">\n\t\t\t\t\t\t<div class=\"elementor-container elementor-column-gap-default\">\n\t\t\t\t\t<div class=\"elementor-column elementor-col-100 elementor-top-column elementor-element elementor-element-132f6e6\" data-id=\"132f6e6\" data-element_type=\"column\" data-e-type=\"column\">\n\t\t\t<div class=\"elementor-widget-wrap elementor-element-populated\">\n\t\t\t\t\t\t<div class=\"elementor-element elementor-element-009859b elementor-widget elementor-widget-text-editor\" data-id=\"009859b\" data-element_type=\"widget\" data-e-type=\"widget\" data-widget_type=\"text-editor.default\">\n\t\t\t\t<div class=\"elementor-widget-container\">\n\t\t\t\t\t\t\t\t\t<p style=\"text-align: center;\"><strong>\u00a0 E<\/strong>sta\u0301 considerada el mineral m\u00e1s antiguo del planeta, data de la primera era geol\u00f3gica, en la era Paleo proterozoica y dentro de esta corresponde al periodo Orossi\u0301rico, 2.500 \u2013 1.600 millones de an\u0303os, donde se generan las primeras montan\u0303as, aparecen las primeras glaciaciones, la atmo\u0301sfera comienza a tener oxi\u0301geno, es parecido a un carbo\u0301n, es una roca negra con una reflexio\u0301n de grafito.<\/p><p style=\"text-align: center;\">Su procedencia no esta\u0301 del todo cierta, hay varias explicaciones, una ser\u00eda que vendri\u0301a de un meteorito proveniente de una estrella muerta que choco\u0301 con la tierra, es algunos creen que se trata de planeta Faeto\u0301n (Phaeton), el planeta destruido por un terrible cataclismo hace miles de millones de an\u0303os, un planeta hipote\u0301tico existente entre las o\u0301rbitas de Marte y Ju\u0301piter, cuya destruccio\u0301n supuestamente llevo\u0301 a la formacio\u0301n del cinturo\u0301n de asteroides. Y la otra teori\u0301a sobre la procedencia de la shungit, ser\u00eda una amalgama de diversos organismos de plancton fosilizados.<\/p><h1>SHUNGIT,\u00a0 UN MINERAL U\u0301NICO .PROCEDENCIA.<\/h1><p><img fetchpriority=\"high\" decoding=\"async\" class=\"size-medium wp-image-232 aligncenter\" src=\"https:\/\/www.shungit.es\/blog\/wp-content\/uploads\/2019\/03\/100-shungit-ELITE-250gr-ESTE-METEORITO-PUEDE-CAER-CATARATA-300x222.jpg\" alt=\"shugita\" width=\"300\" height=\"222\" srcset=\"https:\/\/www.shungit.es\/blog\/wp-content\/uploads\/2019\/03\/100-shungit-ELITE-250gr-ESTE-METEORITO-PUEDE-CAER-CATARATA-300x222.jpg 300w, https:\/\/www.shungit.es\/blog\/wp-content\/uploads\/2019\/03\/100-shungit-ELITE-250gr-ESTE-METEORITO-PUEDE-CAER-CATARATA-197x146.jpg 197w, https:\/\/www.shungit.es\/blog\/wp-content\/uploads\/2019\/03\/100-shungit-ELITE-250gr-ESTE-METEORITO-PUEDE-CAER-CATARATA-50x37.jpg 50w, https:\/\/www.shungit.es\/blog\/wp-content\/uploads\/2019\/03\/100-shungit-ELITE-250gr-ESTE-METEORITO-PUEDE-CAER-CATARATA-101x75.jpg 101w, https:\/\/www.shungit.es\/blog\/wp-content\/uploads\/2019\/03\/100-shungit-ELITE-250gr-ESTE-METEORITO-PUEDE-CAER-CATARATA.jpg 540w\" sizes=\"(max-width: 300px) 100vw, 300px\" \/>\u00a0 La<strong> shungit \u00f3 Shungita\u00a0<\/strong> es un mineral u\u0301nico descubierto en el mundo, un ligero mineral negro, similar al carbo\u0301n, y originario de Rusia, se encuentran depo\u0301sitos en las capas muy antiguas de la corteza terrestre. <\/p><p>Se situ\u0301a en el distrito de la Repu\u0301blica de Karelia (Rusia) su nombre proviene originalmente del a\u0301rea pueblo de Shun&#8217;ga, lago Onega, Regio\u0301n Norte, Rusia en el territorio de la peni\u0301nsula, desde el borde navegable del lago Onega. Las rocas de Shungite ocupan el a\u0301rea alrededor de la parte norte del Lago Onega y debajo del lago.<\/p><p><img decoding=\"async\" class=\"size-medium wp-image-390 aligncenter\" src=\"https:\/\/www.shungit.es\/blog\/wp-content\/uploads\/2019\/11\/SHUNGIT-PARA-EL-AGUA-640x425-300x199.jpg\" alt=\"Lago omega\" width=\"300\" height=\"199\" srcset=\"https:\/\/www.shungit.es\/blog\/wp-content\/uploads\/2019\/11\/SHUNGIT-PARA-EL-AGUA-640x425-300x199.jpg 300w, https:\/\/www.shungit.es\/blog\/wp-content\/uploads\/2019\/11\/SHUNGIT-PARA-EL-AGUA-640x425-220x146.jpg 220w, https:\/\/www.shungit.es\/blog\/wp-content\/uploads\/2019\/11\/SHUNGIT-PARA-EL-AGUA-640x425-50x33.jpg 50w, https:\/\/www.shungit.es\/blog\/wp-content\/uploads\/2019\/11\/SHUNGIT-PARA-EL-AGUA-640x425-113x75.jpg 113w, https:\/\/www.shungit.es\/blog\/wp-content\/uploads\/2019\/11\/SHUNGIT-PARA-EL-AGUA-640x425.jpg 640w\" sizes=\"(max-width: 300px) 100vw, 300px\" \/><\/p><p>La shungit o\u0301 shungita recibe su nombre en 1878 honor de una aldea llamada \u201cShunga\u201d, donde se encontraron rocas similares a antracita. De acuerdo con la definicio\u0301n del Profesor Alienssev, \u201cno es carbo\u0301n, no es combustible, es shungit\u201d.<\/p><h1>DESCUBRIMIENTO\u00a0 SHUNGIT &#8211; HISTORIA<\/h1><p>El primer conocimiento sobre la shungit fue con el nombre de \u00abpiedra aspidum\u00bb, se conoce en el siglo XVI y est\u00e1 relacionado sobre la princesa Aksinya.La princesa era este\u0301ril. Siendo un monje por orden del zar Boris Godunov y enviado a Tolvuysky, un monasterio, Xenia se recuper\u00f3 de su enfermedad alli\u0301, y dio a luz al futuro del zar ruso Mikhail Romanov, fue el primero de la dinasti\u0301a Romanov que goberno\u0301 Rusia durante 300 an\u0303os.<\/p><p>La fuente de curacio\u0301n shungit, aqui\u0301 se llama \u00abTsarevnin\u00bb. Durante muchos siglos, los lugaren\u0303os han estado usando shungit y el agua era una fuente para tratar y prevenir muchas enfermedades. Las propiedades curativas, tanto de la shungit como del agua que fluye all\u00ed donde se encuentran los depo\u0301sitos del mineral Shungit, son bien conocidas fuera de la regio\u0301n de Carelia.<\/p><h1>Historia del Balneario \u00abMarcial Waters\u00bb Shungit<\/h1><div>\u00a0<\/div><p>La historia del complejo Marcial Waters <img decoding=\"async\" class=\"alignnone size-full wp-image-245\" src=\"https:\/\/www.shungit.es\/blog\/wp-content\/uploads\/2019\/03\/shungit-hustoria-2.jpg\" alt=\"\" width=\"250\" height=\"141\" srcset=\"https:\/\/www.shungit.es\/blog\/wp-content\/uploads\/2019\/03\/shungit-hustoria-2.jpg 250w, https:\/\/www.shungit.es\/blog\/wp-content\/uploads\/2019\/03\/shungit-hustoria-2-50x28.jpg 50w, https:\/\/www.shungit.es\/blog\/wp-content\/uploads\/2019\/03\/shungit-hustoria-2-133x75.jpg 133w\" sizes=\"(max-width: 250px) 100vw, 250px\" \/><img loading=\"lazy\" decoding=\"async\" class=\"alignnone size-full wp-image-246\" src=\"https:\/\/www.shungit.es\/blog\/wp-content\/uploads\/2019\/03\/shungit-hustoria-3.jpg\" alt=\"CARELIA\" width=\"250\" height=\"141\" srcset=\"https:\/\/www.shungit.es\/blog\/wp-content\/uploads\/2019\/03\/shungit-hustoria-3.jpg 250w, https:\/\/www.shungit.es\/blog\/wp-content\/uploads\/2019\/03\/shungit-hustoria-3-50x28.jpg 50w, https:\/\/www.shungit.es\/blog\/wp-content\/uploads\/2019\/03\/shungit-hustoria-3-133x75.jpg 133w\" sizes=\"(max-width: 250px) 100vw, 250px\" \/><\/p><p>se origina en 1714, cuando el martillero Reboev Ivan descubrio\u0301 una fuente curativa. Durante muchos an\u0303os se quejo\u0301 de mala salud y dolor de corazo\u0301n, pero despue\u0301s de 3 di\u0301as bebio\u0301 agua de la fuente, su salud mejoro\u0301 y los dolores comenzaron a irse. Ryaboev informo\u0301 sobre la fuente de curacio\u0301n al gerente de la planta, donde trabajo\u0301 y esto fue un presagio de la aparicio\u0301n del primer balneario en Rusia. Ma\u0301s tarde, Ivan Ryaboev en 1720 fue liberado de los impuestos y el trabajo en condiciones de servidumbre, y Genin fue galardonado por encontrar una mina de aguas medicinales. En diciembre de 1717, Lavrentiev Lavrent&#8217;evich Blumenstrost fue a estudiar las aguas curativas, y ma\u0301s tarde se convirtio\u0301 en el presidente de la Academia Rusa de Ciencias. Blumentrost realizo\u0301 un estudio sobre la composicio\u0301n qui\u0301mica de la fuente Concever. Los estudios sobre pacientes a principios de 1718 fueron realizados por el doctor Antoni Ravelin (Ravinel), antes de trabajar en la capital, en un hospital militar. Su grupo de pacientes consistio\u0301 principalmente en soldados del Batallo\u0301n Olonets, los resultados del estudio fueron reconocidos como muy buenos por los cientificos Rusos.<\/p><p>Museo Casa de la Oficina Minera, hogar del superintendente<\/p><h1>EL GRAN DESCUBRIDOR DE LA SHUNGIT<\/h1><p style=\"text-align: center;\">\u00a0\u00a0\u00a0\u00a0 El zar Pedro I el Grande<img loading=\"lazy\" decoding=\"async\" class=\"size-medium wp-image-248 aligncenter\" src=\"https:\/\/www.shungit.es\/blog\/wp-content\/uploads\/2019\/03\/PEDRO-I-EL-GRANDE-223x300.jpg\" alt=\"\" width=\"223\" height=\"300\" srcset=\"https:\/\/www.shungit.es\/blog\/wp-content\/uploads\/2019\/03\/PEDRO-I-EL-GRANDE-223x300.jpg 223w, https:\/\/www.shungit.es\/blog\/wp-content\/uploads\/2019\/03\/PEDRO-I-EL-GRANDE-768x1031.jpg 768w, https:\/\/www.shungit.es\/blog\/wp-content\/uploads\/2019\/03\/PEDRO-I-EL-GRANDE-763x1024.jpg 763w, https:\/\/www.shungit.es\/blog\/wp-content\/uploads\/2019\/03\/PEDRO-I-EL-GRANDE-109x146.jpg 109w, https:\/\/www.shungit.es\/blog\/wp-content\/uploads\/2019\/03\/PEDRO-I-EL-GRANDE-37x50.jpg 37w, https:\/\/www.shungit.es\/blog\/wp-content\/uploads\/2019\/03\/PEDRO-I-EL-GRANDE-56x75.jpg 56w, https:\/\/www.shungit.es\/blog\/wp-content\/uploads\/2019\/03\/PEDRO-I-EL-GRANDE.jpg 800w\" sizes=\"(max-width: 223px) 100vw, 223px\" \/><\/p><p>En el siglo XVI, es informado de que existe un agua que brota de una piedra negra con unas propiedades beneficiosas para la salud (El zar teni\u0301a una salud muy precaria). Una vez comprobadas las bondades del agua en su propio organismo,<strong> el zar decide construir un balneario pu\u0301blico ordeno\u0301 establecer en Karelia el primer complejo turi\u0301stico de Rusia &#8211; \u00abMarcial Waters\u00bb existente hasta el di\u0301a de hoy<\/strong> .Y no so\u0301lo eso, sino que insta a sus tropas a poner un trozo de esta piedra en el fondo de las tinajas que almacenan el agua para beber, ese fue el gran secreto de su convertirse en un de los grandes eje\u0301rcitos del mundo? Por qu\u00e9 no enfermaba tanto su ej\u00e9rcito?<\/p><p><strong>El zar Pedro I el Grande, en el siglo XVI, es informado de que existe un agua que brota de una piedra negra con unas propiedades beneficiosas para la salud<\/strong> (El zar teni\u0301a una salud muy precaria). Una vez comprobadas las bondades del agua en su propio organismo, el zar decide construir un balneario pu\u0301blico. Y no so\u0301lo eso, sino que insta a sus tropas a poner un trozo de esta piedra en el fondo de las tinajas que almacenan el agua para beber.<\/p><p>Asi\u0301 se comprobo\u0301 que esta piedra tiene la capacidad de transformar la vibracio\u0301n del agua, eleva\u0301ndola y purifica\u0301ndola. Las principales propiedades transmitidas por el agua purificada por la shungit son: que sanear el agua, suprime el sabor y el olor del cloro, destruye los metales pesados, elimina los pesticidas,<\/p><p>tiene propiedades bactericidas.<\/p><p><img loading=\"lazy\" decoding=\"async\" class=\"size-medium wp-image-347 alignleft\" src=\"https:\/\/www.shungit.es\/blog\/wp-content\/uploads\/2019\/11\/balenario-shungit-300x217.jpg\" alt=\"\" width=\"300\" height=\"217\" \/><img loading=\"lazy\" decoding=\"async\" class=\"alignnone size-medium wp-image-249\" src=\"https:\/\/www.shungit.es\/blog\/wp-content\/uploads\/2019\/03\/1\u00ba-balneario-carelia-CONTRUIDO-PEDRO-I-EL-GRANDE-300x169.jpg\" alt=\"balneari karelia actualidad\" width=\"300\" height=\"169\" srcset=\"https:\/\/www.shungit.es\/blog\/wp-content\/uploads\/2019\/03\/1\u00ba-balneario-carelia-CONTRUIDO-PEDRO-I-EL-GRANDE-300x169.jpg 300w, https:\/\/www.shungit.es\/blog\/wp-content\/uploads\/2019\/03\/1\u00ba-balneario-carelia-CONTRUIDO-PEDRO-I-EL-GRANDE-768x432.jpg 768w, https:\/\/www.shungit.es\/blog\/wp-content\/uploads\/2019\/03\/1\u00ba-balneario-carelia-CONTRUIDO-PEDRO-I-EL-GRANDE-260x146.jpg 260w, https:\/\/www.shungit.es\/blog\/wp-content\/uploads\/2019\/03\/1\u00ba-balneario-carelia-CONTRUIDO-PEDRO-I-EL-GRANDE-50x28.jpg 50w, https:\/\/www.shungit.es\/blog\/wp-content\/uploads\/2019\/03\/1\u00ba-balneario-carelia-CONTRUIDO-PEDRO-I-EL-GRANDE-133x75.jpg 133w, https:\/\/www.shungit.es\/blog\/wp-content\/uploads\/2019\/03\/1\u00ba-balneario-carelia-CONTRUIDO-PEDRO-I-EL-GRANDE.jpg 800w\" sizes=\"(max-width: 300px) 100vw, 300px\" \/><\/p><h5 style=\"text-align: center;\">\u00abMarcial Waters\u00bb primer balneario Rusia<\/h5>\t\t\t\t\t\t\t\t<\/div>\n\t\t\t\t<\/div>\n\t\t\t\t\t<\/div>\n\t\t<\/div>\n\t\t\t\t\t<\/div>\n\t\t<\/section>\n\t\t\t\t<\/div>\n\t\t","protected":false},"excerpt":{"rendered":"<p>\u00a0 Esta\u0301 considerada el mineral m\u00e1s antiguo del planeta, data de la primera era geol\u00f3gica, en la era Paleo proterozoica y dentro de esta corresponde al periodo Orossi\u0301rico, 2.500 \u2013 1.600 millones de an\u0303os, donde se generan las primeras montan\u0303as, aparecen las primeras glaciaciones, la atmo\u0301sfera comienza a tener oxi\u0301geno, es parecido a un carbo\u0301n, [&hellip;]<\/p>\n","protected":false},"author":2,"featured_media":391,"parent":0,"menu_order":0,"comment_status":"closed","ping_status":"closed","template":"","meta":{"site-sidebar-layout":"default","site-content-layout":"default","ast-site-content-layout":"default","site-content-style":"default","site-sidebar-style":"default","ast-global-header-display":"","ast-banner-title-visibility":"","ast-main-header-display":"","ast-hfb-above-header-display":"","ast-hfb-below-header-display":"","ast-hfb-mobile-header-display":"","site-post-title":"","ast-breadcrumbs-content":"","ast-featured-img":"","footer-sml-layout":"","ast-disable-related-posts":"","theme-transparent-header-meta":"default","adv-header-id-meta":"","stick-header-meta":"","header-above-stick-meta":"","header-main-stick-meta":"","header-below-stick-meta":"","astra-migrate-meta-layouts":"default","ast-page-background-enabled":"default","ast-page-background-meta":{"desktop":{"background-color":"","background-image":"","background-repeat":"repeat","background-position":"center center","background-size":"auto","background-attachment":"scroll","background-type":"","background-media":"","overlay-type":"","overlay-color":"","overlay-opacity":"","overlay-gradient":""},"tablet":{"background-color":"","background-image":"","background-repeat":"repeat","background-position":"center center","background-size":"auto","background-attachment":"scroll","background-type":"","background-media":"","overlay-type":"","overlay-color":"","overlay-opacity":"","overlay-gradient":""},"mobile":{"background-color":"","background-image":"","background-repeat":"repeat","background-position":"center center","background-size":"auto","background-attachment":"scroll","background-type":"","background-media":"","overlay-type":"","overlay-color":"","overlay-opacity":"","overlay-gradient":""}},"ast-content-background-meta":{"desktop":{"background-color":"var(--ast-global-color-5)","background-image":"","background-repeat":"repeat","background-position":"center center","background-size":"auto","background-attachment":"scroll","background-type":"","background-media":"","overlay-type":"","overlay-color":"","overlay-opacity":"","overlay-gradient":""},"tablet":{"background-color":"var(--ast-global-color-5)","background-image":"","background-repeat":"repeat","background-position":"center center","background-size":"auto","background-attachment":"scroll","background-type":"","background-media":"","overlay-type":"","overlay-color":"","overlay-opacity":"","overlay-gradient":""},"mobile":{"background-color":"var(--ast-global-color-5)","background-image":"","background-repeat":"repeat","background-position":"center center","background-size":"auto","background-attachment":"scroll","background-type":"","background-media":"","overlay-type":"","overlay-color":"","overlay-opacity":"","overlay-gradient":""}},"footnotes":""},"class_list":["post-323","page","type-page","status-publish","has-post-thumbnail","hentry"],"yoast_head":"<!-- This site is optimized with the Yoast SEO plugin v27.6 - https:\/\/yoast.com\/product\/yoast-seo-wordpress\/ -->\n<title>\u25b7 HISTORIA de la Piedra SHUNGIT | Origen, Usos y PRECIOS<\/title>\n<meta name=\"description\" content=\"Descubre c\u00f3mo lleg\u00f3 a la Tierra la M\u00e1gica Piedra Shungit y benef\u00edciate de todas sus propiedades comprando art\u00edculos \u2705 Shungit al Mejor Precio\" \/>\n<meta name=\"robots\" content=\"index, follow, max-snippet:-1, max-image-preview:large, max-video-preview:-1\" \/>\n<link rel=\"canonical\" href=\"https:\/\/www.shungit.es\/blog\/historia-de-la-shungit\/\" \/>\n<meta property=\"og:locale\" content=\"es_ES\" \/>\n<meta property=\"og:type\" content=\"article\" \/>\n<meta property=\"og:title\" content=\"\u25b7 HISTORIA de la Piedra SHUNGIT | Origen, Usos y PRECIOS\" \/>\n<meta property=\"og:description\" content=\"Descubre c\u00f3mo lleg\u00f3 a la Tierra la M\u00e1gica Piedra Shungit y benef\u00edciate de todas sus propiedades comprando art\u00edculos \u2705 Shungit al Mejor Precio\" \/>\n<meta property=\"og:url\" content=\"https:\/\/www.shungit.es\/blog\/historia-de-la-shungit\/\" \/>\n<meta property=\"og:site_name\" content=\"Shungit Blog\" \/>\n<meta property=\"article:modified_time\" content=\"2020-01-25T10:06:59+00:00\" \/>\n<meta property=\"og:image\" content=\"https:\/\/www.shungit.es\/blog\/wp-content\/uploads\/2019\/11\/HISTORIA-DE-LA-SHUNGIT-640x425.jpg\" \/>\n\t<meta property=\"og:image:width\" content=\"640\" \/>\n\t<meta property=\"og:image:height\" content=\"425\" \/>\n\t<meta property=\"og:image:type\" content=\"image\/jpeg\" \/>\n<meta name=\"twitter:card\" content=\"summary_large_image\" \/>\n<meta name=\"twitter:label1\" content=\"Tiempo de lectura\" \/>\n\t<meta name=\"twitter:data1\" content=\"5 minutos\" \/>\n<script type=\"application\/ld+json\" class=\"yoast-schema-graph\">{\"@context\":\"https:\\\/\\\/schema.org\",\"@graph\":[{\"@type\":\"WebPage\",\"@id\":\"https:\\\/\\\/www.shungit.es\\\/blog\\\/historia-de-la-shungit\\\/\",\"url\":\"https:\\\/\\\/www.shungit.es\\\/blog\\\/historia-de-la-shungit\\\/\",\"name\":\"\u25b7 HISTORIA de la Piedra SHUNGIT | Origen, Usos y PRECIOS\",\"isPartOf\":{\"@id\":\"https:\\\/\\\/www.shungit.es\\\/blog\\\/#website\"},\"primaryImageOfPage\":{\"@id\":\"https:\\\/\\\/www.shungit.es\\\/blog\\\/historia-de-la-shungit\\\/#primaryimage\"},\"image\":{\"@id\":\"https:\\\/\\\/www.shungit.es\\\/blog\\\/historia-de-la-shungit\\\/#primaryimage\"},\"thumbnailUrl\":\"https:\\\/\\\/www.shungit.es\\\/blog\\\/wp-content\\\/uploads\\\/2019\\\/11\\\/HISTORIA-DE-LA-SHUNGIT-640x425.jpg\",\"datePublished\":\"2019-11-14T08:22:12+00:00\",\"dateModified\":\"2020-01-25T10:06:59+00:00\",\"description\":\"Descubre c\u00f3mo lleg\u00f3 a la Tierra la M\u00e1gica Piedra Shungit y benef\u00edciate de todas sus propiedades comprando art\u00edculos \u2705 Shungit al Mejor Precio\",\"breadcrumb\":{\"@id\":\"https:\\\/\\\/www.shungit.es\\\/blog\\\/historia-de-la-shungit\\\/#breadcrumb\"},\"inLanguage\":\"es\",\"potentialAction\":[{\"@type\":\"ReadAction\",\"target\":[\"https:\\\/\\\/www.shungit.es\\\/blog\\\/historia-de-la-shungit\\\/\"]}]},{\"@type\":\"ImageObject\",\"inLanguage\":\"es\",\"@id\":\"https:\\\/\\\/www.shungit.es\\\/blog\\\/historia-de-la-shungit\\\/#primaryimage\",\"url\":\"https:\\\/\\\/www.shungit.es\\\/blog\\\/wp-content\\\/uploads\\\/2019\\\/11\\\/HISTORIA-DE-LA-SHUNGIT-640x425.jpg\",\"contentUrl\":\"https:\\\/\\\/www.shungit.es\\\/blog\\\/wp-content\\\/uploads\\\/2019\\\/11\\\/HISTORIA-DE-LA-SHUNGIT-640x425.jpg\",\"width\":640,\"height\":425},{\"@type\":\"BreadcrumbList\",\"@id\":\"https:\\\/\\\/www.shungit.es\\\/blog\\\/historia-de-la-shungit\\\/#breadcrumb\",\"itemListElement\":[{\"@type\":\"ListItem\",\"position\":1,\"name\":\"Portada\",\"item\":\"https:\\\/\\\/www.shungit.es\\\/blog\\\/\"},{\"@type\":\"ListItem\",\"position\":2,\"name\":\"HISTORIA DE LA SHUNGIT\"}]},{\"@type\":\"WebSite\",\"@id\":\"https:\\\/\\\/www.shungit.es\\\/blog\\\/#website\",\"url\":\"https:\\\/\\\/www.shungit.es\\\/blog\\\/\",\"name\":\"Shungit Blog\",\"description\":\"Shungit la piedra inteligente, una piedra cu\u00e1ntica.\",\"publisher\":{\"@id\":\"https:\\\/\\\/www.shungit.es\\\/blog\\\/#organization\"},\"potentialAction\":[{\"@type\":\"SearchAction\",\"target\":{\"@type\":\"EntryPoint\",\"urlTemplate\":\"https:\\\/\\\/www.shungit.es\\\/blog\\\/?s={search_term_string}\"},\"query-input\":{\"@type\":\"PropertyValueSpecification\",\"valueRequired\":true,\"valueName\":\"search_term_string\"}}],\"inLanguage\":\"es\"},{\"@type\":\"Organization\",\"@id\":\"https:\\\/\\\/www.shungit.es\\\/blog\\\/#organization\",\"name\":\"Shungit Blog\",\"url\":\"https:\\\/\\\/www.shungit.es\\\/blog\\\/\",\"logo\":{\"@type\":\"ImageObject\",\"inLanguage\":\"es\",\"@id\":\"https:\\\/\\\/www.shungit.es\\\/blog\\\/#\\\/schema\\\/logo\\\/image\\\/\",\"url\":\"https:\\\/\\\/www.shungit.es\\\/blog\\\/wp-content\\\/uploads\\\/2018\\\/05\\\/cropped-shungit-logo-1527149637.png\",\"contentUrl\":\"https:\\\/\\\/www.shungit.es\\\/blog\\\/wp-content\\\/uploads\\\/2018\\\/05\\\/cropped-shungit-logo-1527149637.png\",\"width\":350,\"height\":171,\"caption\":\"Shungit Blog\"},\"image\":{\"@id\":\"https:\\\/\\\/www.shungit.es\\\/blog\\\/#\\\/schema\\\/logo\\\/image\\\/\"}}]}<\/script>\n<!-- \/ Yoast SEO plugin. -->","yoast_head_json":{"title":"\u25b7 HISTORIA de la Piedra SHUNGIT | Origen, Usos y PRECIOS","description":"Descubre c\u00f3mo lleg\u00f3 a la Tierra la M\u00e1gica Piedra Shungit y benef\u00edciate de todas sus propiedades comprando art\u00edculos \u2705 Shungit al Mejor Precio","robots":{"index":"index","follow":"follow","max-snippet":"max-snippet:-1","max-image-preview":"max-image-preview:large","max-video-preview":"max-video-preview:-1"},"canonical":"https:\/\/www.shungit.es\/blog\/historia-de-la-shungit\/","og_locale":"es_ES","og_type":"article","og_title":"\u25b7 HISTORIA de la Piedra SHUNGIT | Origen, Usos y PRECIOS","og_description":"Descubre c\u00f3mo lleg\u00f3 a la Tierra la M\u00e1gica Piedra Shungit y benef\u00edciate de todas sus propiedades comprando art\u00edculos \u2705 Shungit al Mejor Precio","og_url":"https:\/\/www.shungit.es\/blog\/historia-de-la-shungit\/","og_site_name":"Shungit Blog","article_modified_time":"2020-01-25T10:06:59+00:00","og_image":[{"width":640,"height":425,"url":"https:\/\/www.shungit.es\/blog\/wp-content\/uploads\/2019\/11\/HISTORIA-DE-LA-SHUNGIT-640x425.jpg","type":"image\/jpeg"}],"twitter_card":"summary_large_image","twitter_misc":{"Tiempo de lectura":"5 minutos"},"schema":{"@context":"https:\/\/schema.org","@graph":[{"@type":"WebPage","@id":"https:\/\/www.shungit.es\/blog\/historia-de-la-shungit\/","url":"https:\/\/www.shungit.es\/blog\/historia-de-la-shungit\/","name":"\u25b7 HISTORIA de la Piedra SHUNGIT | Origen, Usos y PRECIOS","isPartOf":{"@id":"https:\/\/www.shungit.es\/blog\/#website"},"primaryImageOfPage":{"@id":"https:\/\/www.shungit.es\/blog\/historia-de-la-shungit\/#primaryimage"},"image":{"@id":"https:\/\/www.shungit.es\/blog\/historia-de-la-shungit\/#primaryimage"},"thumbnailUrl":"https:\/\/www.shungit.es\/blog\/wp-content\/uploads\/2019\/11\/HISTORIA-DE-LA-SHUNGIT-640x425.jpg","datePublished":"2019-11-14T08:22:12+00:00","dateModified":"2020-01-25T10:06:59+00:00","description":"Descubre c\u00f3mo lleg\u00f3 a la Tierra la M\u00e1gica Piedra Shungit y benef\u00edciate de todas sus propiedades comprando art\u00edculos \u2705 Shungit al Mejor Precio","breadcrumb":{"@id":"https:\/\/www.shungit.es\/blog\/historia-de-la-shungit\/#breadcrumb"},"inLanguage":"es","potentialAction":[{"@type":"ReadAction","target":["https:\/\/www.shungit.es\/blog\/historia-de-la-shungit\/"]}]},{"@type":"ImageObject","inLanguage":"es","@id":"https:\/\/www.shungit.es\/blog\/historia-de-la-shungit\/#primaryimage","url":"https:\/\/www.shungit.es\/blog\/wp-content\/uploads\/2019\/11\/HISTORIA-DE-LA-SHUNGIT-640x425.jpg","contentUrl":"https:\/\/www.shungit.es\/blog\/wp-content\/uploads\/2019\/11\/HISTORIA-DE-LA-SHUNGIT-640x425.jpg","width":640,"height":425},{"@type":"BreadcrumbList","@id":"https:\/\/www.shungit.es\/blog\/historia-de-la-shungit\/#breadcrumb","itemListElement":[{"@type":"ListItem","position":1,"name":"Portada","item":"https:\/\/www.shungit.es\/blog\/"},{"@type":"ListItem","position":2,"name":"HISTORIA DE LA SHUNGIT"}]},{"@type":"WebSite","@id":"https:\/\/www.shungit.es\/blog\/#website","url":"https:\/\/www.shungit.es\/blog\/","name":"Shungit Blog","description":"Shungit la piedra inteligente, una piedra cu\u00e1ntica.","publisher":{"@id":"https:\/\/www.shungit.es\/blog\/#organization"},"potentialAction":[{"@type":"SearchAction","target":{"@type":"EntryPoint","urlTemplate":"https:\/\/www.shungit.es\/blog\/?s={search_term_string}"},"query-input":{"@type":"PropertyValueSpecification","valueRequired":true,"valueName":"search_term_string"}}],"inLanguage":"es"},{"@type":"Organization","@id":"https:\/\/www.shungit.es\/blog\/#organization","name":"Shungit Blog","url":"https:\/\/www.shungit.es\/blog\/","logo":{"@type":"ImageObject","inLanguage":"es","@id":"https:\/\/www.shungit.es\/blog\/#\/schema\/logo\/image\/","url":"https:\/\/www.shungit.es\/blog\/wp-content\/uploads\/2018\/05\/cropped-shungit-logo-1527149637.png","contentUrl":"https:\/\/www.shungit.es\/blog\/wp-content\/uploads\/2018\/05\/cropped-shungit-logo-1527149637.png","width":350,"height":171,"caption":"Shungit Blog"},"image":{"@id":"https:\/\/www.shungit.es\/blog\/#\/schema\/logo\/image\/"}}]}},"_links":{"self":[{"href":"https:\/\/www.shungit.es\/blog\/wp-json\/wp\/v2\/pages\/323","targetHints":{"allow":["GET"]}}],"collection":[{"href":"https:\/\/www.shungit.es\/blog\/wp-json\/wp\/v2\/pages"}],"about":[{"href":"https:\/\/www.shungit.es\/blog\/wp-json\/wp\/v2\/types\/page"}],"author":[{"embeddable":true,"href":"https:\/\/www.shungit.es\/blog\/wp-json\/wp\/v2\/users\/2"}],"replies":[{"embeddable":true,"href":"https:\/\/www.shungit.es\/blog\/wp-json\/wp\/v2\/comments?post=323"}],"version-history":[{"count":5,"href":"https:\/\/www.shungit.es\/blog\/wp-json\/wp\/v2\/pages\/323\/revisions"}],"predecessor-version":[{"id":490,"href":"https:\/\/www.shungit.es\/blog\/wp-json\/wp\/v2\/pages\/323\/revisions\/490"}],"wp:featuredmedia":[{"embeddable":true,"href":"https:\/\/www.shungit.es\/blog\/wp-json\/wp\/v2\/media\/391"}],"wp:attachment":[{"href":"https:\/\/www.shungit.es\/blog\/wp-json\/wp\/v2\/media?parent=323"}],"curies":[{"name":"wp","href":"https:\/\/api.w.org\/{rel}","templated":true}]}}