{"id":243,"date":"2019-03-07T08:27:53","date_gmt":"2019-03-07T08:27:53","guid":{"rendered":"http:\/\/www.shungit.es\/blog\/?page_id=243"},"modified":"2019-11-29T12:45:34","modified_gmt":"2019-11-29T12:45:34","slug":"historia","status":"publish","type":"page","link":"https:\/\/www.shungit.es\/blog\/historia\/","title":{"rendered":"Histor\u00eda"},"content":{"rendered":"\t\t<div data-elementor-type=\"wp-page\" data-elementor-id=\"243\" class=\"elementor elementor-243\" data-elementor-post-type=\"page\">\n\t\t\t\t\t\t<section class=\"elementor-section elementor-top-section elementor-element elementor-element-1c9d8a4 elementor-section-boxed elementor-section-height-default elementor-section-height-default\" data-id=\"1c9d8a4\" data-element_type=\"section\" data-e-type=\"section\">\n\t\t\t\t\t\t<div class=\"elementor-container elementor-column-gap-default\">\n\t\t\t\t\t<div class=\"elementor-column elementor-col-100 elementor-top-column elementor-element elementor-element-ecb96ed\" data-id=\"ecb96ed\" data-element_type=\"column\" data-e-type=\"column\">\n\t\t\t<div class=\"elementor-widget-wrap elementor-element-populated\">\n\t\t\t\t\t\t<div class=\"elementor-element elementor-element-86786ce elementor-widget elementor-widget-text-editor\" data-id=\"86786ce\" data-element_type=\"widget\" data-e-type=\"widget\" data-widget_type=\"text-editor.default\">\n\t\t\t\t<div class=\"elementor-widget-container\">\n\t\t\t\t\t\t\t\t\t<h2>Shingit \u201cla piedra inteligente un mineral \u00fanico,la piedra del futuro, una piedra cu\u00e1ntica.\u201d<\/h2>\t\t\t\t\t\t\t\t<\/div>\n\t\t\t\t<\/div>\n\t\t\t\t<div class=\"elementor-element elementor-element-5461e68 elementor-widget elementor-widget-text-editor\" data-id=\"5461e68\" data-element_type=\"widget\" data-e-type=\"widget\" data-widget_type=\"text-editor.default\">\n\t\t\t\t<div class=\"elementor-widget-container\">\n\t\t\t\t\t\t\t\t\t<h3>HISTORIA SHUNGIT<\/h3>\t\t\t\t\t\t\t\t<\/div>\n\t\t\t\t<\/div>\n\t\t\t\t<div class=\"elementor-element elementor-element-9e66c14 elementor-widget elementor-widget-text-editor\" data-id=\"9e66c14\" data-element_type=\"widget\" data-e-type=\"widget\" data-widget_type=\"text-editor.default\">\n\t\t\t\t<div class=\"elementor-widget-container\">\n\t\t\t\t\t\t\t\t\t<p>La piedra shungit o shungita est\u00e1 considerada el mineral m\u00e1s antiguo del planeta, data de la primera era geol\u00f3gica. Tiene alrededor de 2 mil millones de a\u00f1os de antig\u00fcedad,\u00a0 en la era Paleoproterozoica\u00a0 y dentro de esta corresponde al per\u00edodo Oross\u00edrico, 2.500 \u2013 1.600\u00a0\u00a0 millones de a\u00f1os, donde se generan las primeras monta\u00f1as, aparecen las primeras glaciaciones, la atm\u00f3sfera comienza a tener ox\u00edgeno.<\/p><p>Es parecido a un carb\u00f3n, es una roca negra con una reflexi\u00f3n de grafito \u201c<strong>La shungita es la fuente natural \u00fanica conocida de fullerenos en la tierra<\/strong>\u201d, su procedencia no est\u00e1 del todo cierta, hay varias explicaciones, una seria que vendr\u00eda de un meteorito proveniente de una estrella muerta que choc\u00f3 con la tierra, algunos creen que se trata de planeta Faet\u00f3n (Phaeton), el planeta destruido por un terrible cataclismo hace miles de millones de a\u00f1os, un planeta hipot\u00e9tico existente entre las \u00f3rbitas de Marte y J\u00fapiter, cuya destrucci\u00f3n supuestamente llev\u00f3 a la formaci\u00f3n del cintur\u00f3n de asteroides.<\/p><p>Y la otra teor\u00eda sobre la procedencia de la shungit, ser\u00eda una amalgama de diversos organismos del plancton fosilizados.<\/p><p>La shungit de Carelia se encuentran en las capas m\u00e1s antiguas de la corteza terrestre, cuya edad supera los 2 mil millones de a\u00f1os.\u00a0La alta concentraci\u00f3n de fullerenos en ellos permite asumir su origen c\u00f3smico.\u00a0Los mismos fullerenos extraterrestres fueron encontrados en meteoritos ca\u00eddos.\u00a0La importancia del descubrimiento de los fullerenos est\u00e1 indicada por el hecho de que un grupo de cient\u00edficos ingleses en 1998 recibi\u00f3 el Premio Nobel.<\/p><p>Hoy en d\u00eda, el uso de fullerenos sintetizados artificialmente est\u00e1 limitado debido a su alto costo: m\u00e1s de $ 900 por 1 gramo, por lo que se usan principalmente en las \u00e1reas de alta tecnolog\u00eda: espacio, medicina, computadoras.\u00a0El descubrimiento de fullerenos naturales en schungite de Carelia fue una sensaci\u00f3n real.\u00a0Este es el \u00fanico dep\u00f3sito de shungit tipo fulleren en la Tierra, que tiene cualidades verdaderamente \u00fanicas.<\/p>\t\t\t\t\t\t\t\t<\/div>\n\t\t\t\t<\/div>\n\t\t\t\t<section class=\"elementor-section elementor-inner-section elementor-element elementor-element-26ef6d7 elementor-section-boxed elementor-section-height-default elementor-section-height-default\" data-id=\"26ef6d7\" data-element_type=\"section\" data-e-type=\"section\">\n\t\t\t\t\t\t<div class=\"elementor-container elementor-column-gap-default\">\n\t\t\t\t\t<div class=\"elementor-column elementor-col-50 elementor-inner-column elementor-element elementor-element-3bf3bf3\" data-id=\"3bf3bf3\" data-element_type=\"column\" data-e-type=\"column\">\n\t\t\t<div class=\"elementor-widget-wrap elementor-element-populated\">\n\t\t\t\t\t\t<div class=\"elementor-element elementor-element-aae826b elementor-widget elementor-widget-image\" data-id=\"aae826b\" data-element_type=\"widget\" data-e-type=\"widget\" data-widget_type=\"image.default\">\n\t\t\t\t<div class=\"elementor-widget-container\">\n\t\t\t\t\t\t\t\t\t\t\t\t\t\t\t<img decoding=\"async\" src=\"https:\/\/www.shungit.es\/blog\/wp-content\/uploads\/2019\/03\/shungit1.jpg\" title=\"shungit1\" alt=\"shungit1\" loading=\"lazy\" \/>\t\t\t\t\t\t\t\t\t\t\t\t\t\t\t<\/div>\n\t\t\t\t<\/div>\n\t\t\t\t\t<\/div>\n\t\t<\/div>\n\t\t\t\t<div class=\"elementor-column elementor-col-50 elementor-inner-column elementor-element elementor-element-76f830d\" data-id=\"76f830d\" data-element_type=\"column\" data-e-type=\"column\">\n\t\t\t<div class=\"elementor-widget-wrap elementor-element-populated\">\n\t\t\t\t\t\t<div class=\"elementor-element elementor-element-d400397 elementor-widget elementor-widget-image\" data-id=\"d400397\" data-element_type=\"widget\" data-e-type=\"widget\" data-widget_type=\"image.default\">\n\t\t\t\t<div class=\"elementor-widget-container\">\n\t\t\t\t\t\t\t\t\t\t\t\t\t\t\t<img decoding=\"async\" src=\"https:\/\/www.shungit.es\/blog\/wp-content\/uploads\/2019\/03\/shungit2.jpg\" title=\"shungit2\" alt=\"shungit2\" loading=\"lazy\" \/>\t\t\t\t\t\t\t\t\t\t\t\t\t\t\t<\/div>\n\t\t\t\t<\/div>\n\t\t\t\t\t<\/div>\n\t\t<\/div>\n\t\t\t\t\t<\/div>\n\t\t<\/section>\n\t\t\t\t<section class=\"elementor-section elementor-inner-section elementor-element elementor-element-01efe3b elementor-section-boxed elementor-section-height-default elementor-section-height-default\" data-id=\"01efe3b\" data-element_type=\"section\" data-e-type=\"section\">\n\t\t\t\t\t\t<div class=\"elementor-container elementor-column-gap-default\">\n\t\t\t\t\t<div class=\"elementor-column elementor-col-100 elementor-inner-column elementor-element elementor-element-1e9617b\" data-id=\"1e9617b\" data-element_type=\"column\" data-e-type=\"column\">\n\t\t\t<div class=\"elementor-widget-wrap elementor-element-populated\">\n\t\t\t\t\t\t<div class=\"elementor-element elementor-element-adcbe07 elementor-align-center elementor-widget elementor-widget-button\" data-id=\"adcbe07\" data-element_type=\"widget\" data-e-type=\"widget\" data-widget_type=\"button.default\">\n\t\t\t\t<div class=\"elementor-widget-container\">\n\t\t\t\t\t\t\t\t\t<div class=\"elementor-button-wrapper\">\n\t\t\t\t\t<a class=\"elementor-button elementor-button-link elementor-size-md\" href=\"https:\/\/www.shungit.es\/img\/cms\/historia-shungit.pdf\" target=\"_blank\" rel=\"nofollow\">\n\t\t\t\t\t\t<span class=\"elementor-button-content-wrapper\">\n\t\t\t\t\t\t<span class=\"elementor-button-icon\">\n\t\t\t\t<i aria-hidden=\"true\" class=\"fas fa-file-pdf\"><\/i>\t\t\t<\/span>\n\t\t\t\t\t\t\t\t\t<span class=\"elementor-button-text\">M\u00e1s Informaci\u00f3n<\/span>\n\t\t\t\t\t<\/span>\n\t\t\t\t\t<\/a>\n\t\t\t\t<\/div>\n\t\t\t\t\t\t\t\t<\/div>\n\t\t\t\t<\/div>\n\t\t\t\t\t<\/div>\n\t\t<\/div>\n\t\t\t\t\t<\/div>\n\t\t<\/section>\n\t\t\t\t\t<\/div>\n\t\t<\/div>\n\t\t\t\t\t<\/div>\n\t\t<\/section>\n\t\t\t\t<\/div>\n\t\t","protected":false},"excerpt":{"rendered":"<p>Shingit \u201cla piedra inteligente un mineral \u00fanico,la piedra del futuro, una piedra cu\u00e1ntica.\u201d HISTORIA SHUNGIT La piedra shungit o shungita est\u00e1 considerada el mineral m\u00e1s antiguo del planeta, data de la primera era geol\u00f3gica. Tiene alrededor de 2 mil millones de a\u00f1os de antig\u00fcedad,\u00a0 en la era Paleoproterozoica\u00a0 y dentro de esta corresponde al per\u00edodo [&hellip;]<\/p>\n","protected":false},"author":2,"featured_media":0,"parent":0,"menu_order":0,"comment_status":"closed","ping_status":"closed","template":"","meta":{"site-sidebar-layout":"default","site-content-layout":"","ast-site-content-layout":"default","site-content-style":"default","site-sidebar-style":"default","ast-global-header-display":"","ast-banner-title-visibility":"","ast-main-header-display":"","ast-hfb-above-header-display":"","ast-hfb-below-header-display":"","ast-hfb-mobile-header-display":"","site-post-title":"","ast-breadcrumbs-content":"","ast-featured-img":"","footer-sml-layout":"","ast-disable-related-posts":"","theme-transparent-header-meta":"","adv-header-id-meta":"","stick-header-meta":"","header-above-stick-meta":"","header-main-stick-meta":"","header-below-stick-meta":"","astra-migrate-meta-layouts":"default","ast-page-background-enabled":"default","ast-page-background-meta":{"desktop":{"background-color":"","background-image":"","background-repeat":"repeat","background-position":"center center","background-size":"auto","background-attachment":"scroll","background-type":"","background-media":"","overlay-type":"","overlay-color":"","overlay-opacity":"","overlay-gradient":""},"tablet":{"background-color":"","background-image":"","background-repeat":"repeat","background-position":"center center","background-size":"auto","background-attachment":"scroll","background-type":"","background-media":"","overlay-type":"","overlay-color":"","overlay-opacity":"","overlay-gradient":""},"mobile":{"background-color":"","background-image":"","background-repeat":"repeat","background-position":"center center","background-size":"auto","background-attachment":"scroll","background-type":"","background-media":"","overlay-type":"","overlay-color":"","overlay-opacity":"","overlay-gradient":""}},"ast-content-background-meta":{"desktop":{"background-color":"var(--ast-global-color-5)","background-image":"","background-repeat":"repeat","background-position":"center center","background-size":"auto","background-attachment":"scroll","background-type":"","background-media":"","overlay-type":"","overlay-color":"","overlay-opacity":"","overlay-gradient":""},"tablet":{"background-color":"var(--ast-global-color-5)","background-image":"","background-repeat":"repeat","background-position":"center center","background-size":"auto","background-attachment":"scroll","background-type":"","background-media":"","overlay-type":"","overlay-color":"","overlay-opacity":"","overlay-gradient":""},"mobile":{"background-color":"var(--ast-global-color-5)","background-image":"","background-repeat":"repeat","background-position":"center center","background-size":"auto","background-attachment":"scroll","background-type":"","background-media":"","overlay-type":"","overlay-color":"","overlay-opacity":"","overlay-gradient":""}},"footnotes":""},"class_list":["post-243","page","type-page","status-publish","hentry"],"yoast_head":"<!-- This site is optimized with the Yoast SEO plugin v27.6 - https:\/\/yoast.com\/product\/yoast-seo-wordpress\/ -->\n<title>Histor\u00eda | Shungit Blog<\/title>\n<meta name=\"robots\" content=\"index, follow, max-snippet:-1, max-image-preview:large, max-video-preview:-1\" \/>\n<link rel=\"canonical\" href=\"https:\/\/www.shungit.es\/blog\/historia\/\" \/>\n<meta property=\"og:locale\" content=\"es_ES\" \/>\n<meta property=\"og:type\" content=\"article\" \/>\n<meta property=\"og:title\" content=\"Histor\u00eda | Shungit Blog\" \/>\n<meta property=\"og:description\" content=\"Shingit \u201cla piedra inteligente un mineral \u00fanico,la piedra del futuro, una piedra cu\u00e1ntica.\u201d HISTORIA SHUNGIT La piedra shungit o shungita est\u00e1 considerada el mineral m\u00e1s antiguo del planeta, data de la primera era geol\u00f3gica. Tiene alrededor de 2 mil millones de a\u00f1os de antig\u00fcedad,\u00a0 en la era Paleoproterozoica\u00a0 y dentro de esta corresponde al per\u00edodo [&hellip;]\" \/>\n<meta property=\"og:url\" content=\"https:\/\/www.shungit.es\/blog\/historia\/\" \/>\n<meta property=\"og:site_name\" content=\"Shungit Blog\" \/>\n<meta property=\"article:modified_time\" content=\"2019-11-29T12:45:34+00:00\" \/>\n<meta property=\"og:image\" content=\"https:\/\/www.shungit.es\/blog\/wp-content\/uploads\/2019\/03\/shungit1.jpg\" \/>\n<meta name=\"twitter:card\" content=\"summary_large_image\" \/>\n<meta name=\"twitter:label1\" content=\"Tiempo de lectura\" \/>\n\t<meta name=\"twitter:data1\" content=\"2 minutos\" \/>\n<script type=\"application\/ld+json\" class=\"yoast-schema-graph\">{\"@context\":\"https:\\\/\\\/schema.org\",\"@graph\":[{\"@type\":\"WebPage\",\"@id\":\"https:\\\/\\\/www.shungit.es\\\/blog\\\/historia\\\/\",\"url\":\"https:\\\/\\\/www.shungit.es\\\/blog\\\/historia\\\/\",\"name\":\"Histor\u00eda | Shungit Blog\",\"isPartOf\":{\"@id\":\"https:\\\/\\\/www.shungit.es\\\/blog\\\/#website\"},\"primaryImageOfPage\":{\"@id\":\"https:\\\/\\\/www.shungit.es\\\/blog\\\/historia\\\/#primaryimage\"},\"image\":{\"@id\":\"https:\\\/\\\/www.shungit.es\\\/blog\\\/historia\\\/#primaryimage\"},\"thumbnailUrl\":\"https:\\\/\\\/www.shungit.es\\\/blog\\\/wp-content\\\/uploads\\\/2019\\\/03\\\/shungit1.jpg\",\"datePublished\":\"2019-03-07T08:27:53+00:00\",\"dateModified\":\"2019-11-29T12:45:34+00:00\",\"breadcrumb\":{\"@id\":\"https:\\\/\\\/www.shungit.es\\\/blog\\\/historia\\\/#breadcrumb\"},\"inLanguage\":\"es\",\"potentialAction\":[{\"@type\":\"ReadAction\",\"target\":[\"https:\\\/\\\/www.shungit.es\\\/blog\\\/historia\\\/\"]}]},{\"@type\":\"ImageObject\",\"inLanguage\":\"es\",\"@id\":\"https:\\\/\\\/www.shungit.es\\\/blog\\\/historia\\\/#primaryimage\",\"url\":\"https:\\\/\\\/www.shungit.es\\\/blog\\\/wp-content\\\/uploads\\\/2019\\\/03\\\/shungit1.jpg\",\"contentUrl\":\"https:\\\/\\\/www.shungit.es\\\/blog\\\/wp-content\\\/uploads\\\/2019\\\/03\\\/shungit1.jpg\",\"width\":179,\"height\":189},{\"@type\":\"BreadcrumbList\",\"@id\":\"https:\\\/\\\/www.shungit.es\\\/blog\\\/historia\\\/#breadcrumb\",\"itemListElement\":[{\"@type\":\"ListItem\",\"position\":1,\"name\":\"Portada\",\"item\":\"https:\\\/\\\/www.shungit.es\\\/blog\\\/\"},{\"@type\":\"ListItem\",\"position\":2,\"name\":\"Histor\u00eda\"}]},{\"@type\":\"WebSite\",\"@id\":\"https:\\\/\\\/www.shungit.es\\\/blog\\\/#website\",\"url\":\"https:\\\/\\\/www.shungit.es\\\/blog\\\/\",\"name\":\"Shungit Blog\",\"description\":\"Shungit la piedra inteligente, una piedra cu\u00e1ntica.\",\"publisher\":{\"@id\":\"https:\\\/\\\/www.shungit.es\\\/blog\\\/#organization\"},\"potentialAction\":[{\"@type\":\"SearchAction\",\"target\":{\"@type\":\"EntryPoint\",\"urlTemplate\":\"https:\\\/\\\/www.shungit.es\\\/blog\\\/?s={search_term_string}\"},\"query-input\":{\"@type\":\"PropertyValueSpecification\",\"valueRequired\":true,\"valueName\":\"search_term_string\"}}],\"inLanguage\":\"es\"},{\"@type\":\"Organization\",\"@id\":\"https:\\\/\\\/www.shungit.es\\\/blog\\\/#organization\",\"name\":\"Shungit Blog\",\"url\":\"https:\\\/\\\/www.shungit.es\\\/blog\\\/\",\"logo\":{\"@type\":\"ImageObject\",\"inLanguage\":\"es\",\"@id\":\"https:\\\/\\\/www.shungit.es\\\/blog\\\/#\\\/schema\\\/logo\\\/image\\\/\",\"url\":\"https:\\\/\\\/www.shungit.es\\\/blog\\\/wp-content\\\/uploads\\\/2018\\\/05\\\/cropped-shungit-logo-1527149637.png\",\"contentUrl\":\"https:\\\/\\\/www.shungit.es\\\/blog\\\/wp-content\\\/uploads\\\/2018\\\/05\\\/cropped-shungit-logo-1527149637.png\",\"width\":350,\"height\":171,\"caption\":\"Shungit Blog\"},\"image\":{\"@id\":\"https:\\\/\\\/www.shungit.es\\\/blog\\\/#\\\/schema\\\/logo\\\/image\\\/\"}}]}<\/script>\n<!-- \/ Yoast SEO plugin. -->","yoast_head_json":{"title":"Histor\u00eda | Shungit Blog","robots":{"index":"index","follow":"follow","max-snippet":"max-snippet:-1","max-image-preview":"max-image-preview:large","max-video-preview":"max-video-preview:-1"},"canonical":"https:\/\/www.shungit.es\/blog\/historia\/","og_locale":"es_ES","og_type":"article","og_title":"Histor\u00eda | Shungit Blog","og_description":"Shingit \u201cla piedra inteligente un mineral \u00fanico,la piedra del futuro, una piedra cu\u00e1ntica.\u201d HISTORIA SHUNGIT La piedra shungit o shungita est\u00e1 considerada el mineral m\u00e1s antiguo del planeta, data de la primera era geol\u00f3gica. Tiene alrededor de 2 mil millones de a\u00f1os de antig\u00fcedad,\u00a0 en la era Paleoproterozoica\u00a0 y dentro de esta corresponde al per\u00edodo [&hellip;]","og_url":"https:\/\/www.shungit.es\/blog\/historia\/","og_site_name":"Shungit Blog","article_modified_time":"2019-11-29T12:45:34+00:00","og_image":[{"url":"https:\/\/www.shungit.es\/blog\/wp-content\/uploads\/2019\/03\/shungit1.jpg","type":"","width":"","height":""}],"twitter_card":"summary_large_image","twitter_misc":{"Tiempo de lectura":"2 minutos"},"schema":{"@context":"https:\/\/schema.org","@graph":[{"@type":"WebPage","@id":"https:\/\/www.shungit.es\/blog\/historia\/","url":"https:\/\/www.shungit.es\/blog\/historia\/","name":"Histor\u00eda | Shungit Blog","isPartOf":{"@id":"https:\/\/www.shungit.es\/blog\/#website"},"primaryImageOfPage":{"@id":"https:\/\/www.shungit.es\/blog\/historia\/#primaryimage"},"image":{"@id":"https:\/\/www.shungit.es\/blog\/historia\/#primaryimage"},"thumbnailUrl":"https:\/\/www.shungit.es\/blog\/wp-content\/uploads\/2019\/03\/shungit1.jpg","datePublished":"2019-03-07T08:27:53+00:00","dateModified":"2019-11-29T12:45:34+00:00","breadcrumb":{"@id":"https:\/\/www.shungit.es\/blog\/historia\/#breadcrumb"},"inLanguage":"es","potentialAction":[{"@type":"ReadAction","target":["https:\/\/www.shungit.es\/blog\/historia\/"]}]},{"@type":"ImageObject","inLanguage":"es","@id":"https:\/\/www.shungit.es\/blog\/historia\/#primaryimage","url":"https:\/\/www.shungit.es\/blog\/wp-content\/uploads\/2019\/03\/shungit1.jpg","contentUrl":"https:\/\/www.shungit.es\/blog\/wp-content\/uploads\/2019\/03\/shungit1.jpg","width":179,"height":189},{"@type":"BreadcrumbList","@id":"https:\/\/www.shungit.es\/blog\/historia\/#breadcrumb","itemListElement":[{"@type":"ListItem","position":1,"name":"Portada","item":"https:\/\/www.shungit.es\/blog\/"},{"@type":"ListItem","position":2,"name":"Histor\u00eda"}]},{"@type":"WebSite","@id":"https:\/\/www.shungit.es\/blog\/#website","url":"https:\/\/www.shungit.es\/blog\/","name":"Shungit Blog","description":"Shungit la piedra inteligente, una piedra cu\u00e1ntica.","publisher":{"@id":"https:\/\/www.shungit.es\/blog\/#organization"},"potentialAction":[{"@type":"SearchAction","target":{"@type":"EntryPoint","urlTemplate":"https:\/\/www.shungit.es\/blog\/?s={search_term_string}"},"query-input":{"@type":"PropertyValueSpecification","valueRequired":true,"valueName":"search_term_string"}}],"inLanguage":"es"},{"@type":"Organization","@id":"https:\/\/www.shungit.es\/blog\/#organization","name":"Shungit Blog","url":"https:\/\/www.shungit.es\/blog\/","logo":{"@type":"ImageObject","inLanguage":"es","@id":"https:\/\/www.shungit.es\/blog\/#\/schema\/logo\/image\/","url":"https:\/\/www.shungit.es\/blog\/wp-content\/uploads\/2018\/05\/cropped-shungit-logo-1527149637.png","contentUrl":"https:\/\/www.shungit.es\/blog\/wp-content\/uploads\/2018\/05\/cropped-shungit-logo-1527149637.png","width":350,"height":171,"caption":"Shungit Blog"},"image":{"@id":"https:\/\/www.shungit.es\/blog\/#\/schema\/logo\/image\/"}}]}},"_links":{"self":[{"href":"https:\/\/www.shungit.es\/blog\/wp-json\/wp\/v2\/pages\/243","targetHints":{"allow":["GET"]}}],"collection":[{"href":"https:\/\/www.shungit.es\/blog\/wp-json\/wp\/v2\/pages"}],"about":[{"href":"https:\/\/www.shungit.es\/blog\/wp-json\/wp\/v2\/types\/page"}],"author":[{"embeddable":true,"href":"https:\/\/www.shungit.es\/blog\/wp-json\/wp\/v2\/users\/2"}],"replies":[{"embeddable":true,"href":"https:\/\/www.shungit.es\/blog\/wp-json\/wp\/v2\/comments?post=243"}],"version-history":[{"count":5,"href":"https:\/\/www.shungit.es\/blog\/wp-json\/wp\/v2\/pages\/243\/revisions"}],"predecessor-version":[{"id":277,"href":"https:\/\/www.shungit.es\/blog\/wp-json\/wp\/v2\/pages\/243\/revisions\/277"}],"wp:attachment":[{"href":"https:\/\/www.shungit.es\/blog\/wp-json\/wp\/v2\/media?parent=243"}],"curies":[{"name":"wp","href":"https:\/\/api.w.org\/{rel}","templated":true}]}}